{"id":78,"date":"2018-10-24T00:58:43","date_gmt":"2018-10-24T00:58:43","guid":{"rendered":"http:\/\/www.twinlionsjalisco.com\/wp\/?page_id=78"},"modified":"2024-11-09T02:22:49","modified_gmt":"2024-11-09T02:22:49","slug":"inicio","status":"publish","type":"page","link":"https:\/\/www.twinlionsjalisco.com\/wp\/","title":{"rendered":"Inicio"},"content":{"rendered":"\t\t<div data-elementor-type=\"wp-page\" data-elementor-id=\"78\" class=\"elementor elementor-78\" data-elementor-settings=\"[]\">\n\t\t\t\t\t\t<div class=\"elementor-inner\">\n\t\t\t\t\t\t\t<div class=\"elementor-section-wrap\">\n\t\t\t\t\t\t\t<section class=\"elementor-section elementor-top-section elementor-element elementor-element-2941052 elementor-section-boxed elementor-section-height-default elementor-section-height-default\" data-id=\"2941052\" data-element_type=\"section\">\n\t\t\t\t\t\t<div class=\"elementor-container elementor-column-gap-default\">\n\t\t\t\t\t\t\t<div class=\"elementor-row\">\n\t\t\t\t\t<div class=\"elementor-column elementor-col-100 elementor-top-column elementor-element elementor-element-2ee419c\" data-id=\"2ee419c\" data-element_type=\"column\">\n\t\t\t<div class=\"elementor-column-wrap elementor-element-populated\">\n\t\t\t\t\t\t\t<div class=\"elementor-widget-wrap\">\n\t\t\t\t\t\t<div class=\"elementor-element elementor-element-19f21a3 elementor-widget elementor-widget-image\" data-id=\"19f21a3\" data-element_type=\"widget\" data-widget_type=\"image.default\">\n\t\t\t\t<div class=\"elementor-widget-container\">\n\t\t\t\t\t<div class=\"elementor-image\">\n\t\t\t\t\t\t\t\t\t\t<img src=\"http:\/\/www.twinlionsjalisco.com\/wp\/wp-content\/uploads\/2022\/11\/e57797ed-b51d-49f2-98dd-22df5c550213.jpeg\" title=\"\" alt=\"\" \/>\t\t\t\t\t\t\t\t\t\t\t<\/div>\n\t\t\t\t<\/div>\n\t\t\t\t<\/div>\n\t\t\t\t\t\t<\/div>\n\t\t\t\t\t<\/div>\n\t\t<\/div>\n\t\t\t\t\t\t\t\t<\/div>\n\t\t\t\t\t<\/div>\n\t\t<\/section>\n\t\t\t\t<section class=\"elementor-section elementor-top-section elementor-element elementor-element-f3e1775 elementor-section-boxed elementor-section-height-default elementor-section-height-default\" data-id=\"f3e1775\" data-element_type=\"section\">\n\t\t\t\t\t\t<div class=\"elementor-container elementor-column-gap-default\">\n\t\t\t\t\t\t\t<div class=\"elementor-row\">\n\t\t\t\t\t<div class=\"elementor-column elementor-col-100 elementor-top-column elementor-element elementor-element-676ff39\" data-id=\"676ff39\" data-element_type=\"column\">\n\t\t\t<div class=\"elementor-column-wrap elementor-element-populated\">\n\t\t\t\t\t\t\t<div class=\"elementor-widget-wrap\">\n\t\t\t\t\t\t<div class=\"elementor-element elementor-element-d0bdb68 elementor-aspect-ratio-169 elementor-widget elementor-widget-video\" data-id=\"d0bdb68\" data-element_type=\"widget\" data-settings=\"{&quot;video_type&quot;:&quot;hosted&quot;,&quot;controls&quot;:&quot;yes&quot;,&quot;aspect_ratio&quot;:&quot;169&quot;}\" data-widget_type=\"video.default\">\n\t\t\t\t<div class=\"elementor-widget-container\">\n\t\t\t\t\t<div class=\"e-hosted-video elementor-wrapper elementor-fit-aspect-ratio elementor-open-inline\">\n\t\t\t\t\t<video class=\"elementor-video\" src=\"https:\/\/www.twinlionsjalisco.com\/wp\/wp-content\/uploads\/2024\/11\/EXPERIENCIAS.mp4\" controls=\"\" controlsList=\"nodownload\"><\/video>\n\t\t\t\t<\/div>\n\t\t\t\t<\/div>\n\t\t\t\t<\/div>\n\t\t\t\t\t\t<\/div>\n\t\t\t\t\t<\/div>\n\t\t<\/div>\n\t\t\t\t\t\t\t\t<\/div>\n\t\t\t\t\t<\/div>\n\t\t<\/section>\n\t\t\t\t<section class=\"elementor-section elementor-top-section elementor-element elementor-element-2ab8756 elementor-section-boxed elementor-section-height-default elementor-section-height-default\" data-id=\"2ab8756\" data-element_type=\"section\">\n\t\t\t\t\t\t<div class=\"elementor-container elementor-column-gap-default\">\n\t\t\t\t\t\t\t<div class=\"elementor-row\">\n\t\t\t\t\t<div class=\"elementor-column elementor-col-100 elementor-top-column elementor-element elementor-element-541e5b0\" data-id=\"541e5b0\" data-element_type=\"column\">\n\t\t\t<div class=\"elementor-column-wrap elementor-element-populated\">\n\t\t\t\t\t\t\t<div class=\"elementor-widget-wrap\">\n\t\t\t\t\t\t<div class=\"elementor-element elementor-element-49e3de6 elementor-widget elementor-widget-text-editor\" data-id=\"49e3de6\" data-element_type=\"widget\" data-widget_type=\"text-editor.default\">\n\t\t\t\t<div class=\"elementor-widget-container\">\n\t\t\t\t\t<div class=\"elementor-text-editor elementor-clearfix\"><p style=\"text-align: center;\">Nosotros vendemos <em><strong>EXPERIENCIAS<\/strong><\/em>, experiencias que dan felicidad a los clientes, a trav\u00e9s del servicio, instalaciones, promociones y la gastronom\u00eda, somos parte importante en la felicidad de las personas, a trav\u00e9s de la creaci\u00f3n de buenas experiencias, esa es la importancia de lo que hacemos.<\/p><\/div>\n\t\t\t\t<\/div>\n\t\t\t\t<\/div>\n\t\t\t\t\t\t<\/div>\n\t\t\t\t\t<\/div>\n\t\t<\/div>\n\t\t\t\t\t\t\t\t<\/div>\n\t\t\t\t\t<\/div>\n\t\t<\/section>\n\t\t\t\t\t\t<\/div>\n\t\t\t\t\t\t<\/div>\n\t\t\t\t\t<\/div>\n\t\t","protected":false},"excerpt":{"rendered":"<p>https:\/\/www.twinlionsjalisco.com\/wp\/wp-content\/uploads\/2024\/11\/EXPERIENCIAS.mp4 Nosotros vendemos EXPERIENCIAS, experiencias que dan felicidad a los clientes, a trav\u00e9s del servicio, instalaciones, promociones y la gastronom\u00eda, somos parte importante en la felicidad de las personas, a trav\u00e9s de la creaci\u00f3n de buenas experiencias, esa es la importancia de lo que hacemos.<\/p>\n","protected":false},"author":1,"featured_media":0,"parent":0,"menu_order":0,"comment_status":"closed","ping_status":"closed","template":"","meta":[],"_links":{"self":[{"href":"https:\/\/www.twinlionsjalisco.com\/wp\/wp-json\/wp\/v2\/pages\/78"}],"collection":[{"href":"https:\/\/www.twinlionsjalisco.com\/wp\/wp-json\/wp\/v2\/pages"}],"about":[{"href":"https:\/\/www.twinlionsjalisco.com\/wp\/wp-json\/wp\/v2\/types\/page"}],"author":[{"embeddable":true,"href":"https:\/\/www.twinlionsjalisco.com\/wp\/wp-json\/wp\/v2\/users\/1"}],"replies":[{"embeddable":true,"href":"https:\/\/www.twinlionsjalisco.com\/wp\/wp-json\/wp\/v2\/comments?post=78"}],"version-history":[{"count":107,"href":"https:\/\/www.twinlionsjalisco.com\/wp\/wp-json\/wp\/v2\/pages\/78\/revisions"}],"predecessor-version":[{"id":4188,"href":"https:\/\/www.twinlionsjalisco.com\/wp\/wp-json\/wp\/v2\/pages\/78\/revisions\/4188"}],"wp:attachment":[{"href":"https:\/\/www.twinlionsjalisco.com\/wp\/wp-json\/wp\/v2\/media?parent=78"}],"curies":[{"name":"wp","href":"https:\/\/api.w.org\/{rel}","templated":true}]}}